{"id":723,"date":"2025-03-11T17:12:54","date_gmt":"2025-03-11T17:12:54","guid":{"rendered":"https:\/\/www.emporio-homes.com\/subdivisiones\/"},"modified":"2026-03-09T22:35:46","modified_gmt":"2026-03-09T22:35:46","slug":"subdivisiones","status":"publish","type":"page","link":"https:\/\/www.emporio-homes.com\/es\/subdivisiones\/","title":{"rendered":"Subdivisiones"},"content":{"rendered":"<div class=\"wpb-content-wrapper\"><p>[vc_section el_id=&#8221;subdivision-section_0&#8243; css=&#8221;.vc_custom_1741713959474{background-position: center !important;background-repeat: no-repeat !important;background-size: cover !important;}&#8221;][vc_row][vc_column][vc_row_inner el_class=&#8221;row expanded no-padding-vc collapse&#8221;][vc_column_inner][vc_column_text css=&#8221;&#8221;]<\/p>\n<div class=\"box-container-header\">\n<p><img decoding=\"async\" class=\"w-100\" src=\"\/wp-content\/uploads\/2025\/03\/portfolio-slider_1-bg_img_1-updated.png\"><\/p>\n<div class=\"box-container-content\">\n<h1 class=\"font-color-white\">Subdivisiones<\/h1>\n<p class=\"big margin-bottom1point5rem\"><img decoding=\"async\" src=\"\/wp-content\/uploads\/2025\/03\/icon.svg\"><\/p>\n<\/div>\n<\/div>\n<p>[\/vc_column_text][\/vc_column_inner][\/vc_row_inner][\/vc_column][\/vc_row][\/vc_section][vc_section el_id=&#8221;subdivision-section_1&#8243; el_class=&#8221;has-fancy-background has-fancy-background-gold-right&#8221;][vc_row][vc_column][vc_empty_space height=&#8221;24px&#8221; el_class=&#8221;hide-for-large&#8221;][vc_empty_space height=&#8221;45px&#8221; el_class=&#8221;show-for-large&#8221;][vc_row_inner content_placement=&#8221;middle&#8221; el_class=&#8221;row no-padding-vc&#8221;][vc_column_inner el_class=&#8221;large-order-1&#8243; width=&#8221;1\/2&#8243;][vc_empty_space height=&#8221;90px&#8221; el_class=&#8221;show-for-large&#8221;][vc_column_text css=&#8221;&#8221; el_class=&#8221;large-text-left text-center&#8221;]<img decoding=\"async\" class=\"alignnone size-full wp-image-31 w-100\" src=\"\/wp-content\/uploads\/2025\/03\/subdivision-section_1-img_1.png\" alt=\"\">[\/vc_column_text][\/vc_column_inner][vc_column_inner el_class=&#8221;large-order-0&#8243; width=&#8221;1\/2&#8243;][vc_column_text css=&#8221;&#8221; el_class=&#8221;large-text-left text-center&#8221;]<\/p>\n<h2>Subdivisi\u00f3n Bridge Crossing<\/h2>\n<h2>Subdivisi\u00f3n Milanos Estates<\/h2>\n<h4 class=\"margin-bottom1point5rem extra-large font-weight-500\">Weslaco, TX<\/h4>\n<p class=\"big margin-bottom1point5rem\"><img decoding=\"async\" src=\"\/wp-content\/uploads\/2025\/03\/icon-primary.png\"><\/p>\n<p class=\"big font-weight-500 margin-bottom1point5rem\">Emporio Homes se enorgullece de construir en Weslaco, Texas, con comunidades cuidadosamente dise\u00f1adas que ofrecen una vida asequible y moderna para familias de verdad. Nuestras subdivisiones &#8211; Bridge Crossing y Milanos Estates &#8211; est\u00e1n situadas en zonas deseables de Weslaco con c\u00f3modo acceso a la interestatal 2, colegios locales, tiendas, restaurantes y servicios m\u00e9dicos. <\/p>\n<p class=\"big font-weight-500 margin-bottom1point5rem\">Weslaco sigue creciendo, ofreciendo un fuerte sentido de comunidad y f\u00e1cil acceso a parques y actividades recreativas al aire libre. El Complejo Deportivo Harlon Block -el mayor parque al aire libre de Weslaco, con 60,4 acres- ofrece pintorescos senderos para caminar y correr, espacios verdes abiertos y espacio para que las familias se mantengan activas todo el a\u00f1o. <\/p>\n<p class=\"big font-weight-500 margin-bottom1point5rem\">Tanto Bridge Crossing como Milanos Estates cuentan con viviendas unifamiliares de nueva construcci\u00f3n dise\u00f1adas para compradores primerizos y familias en crecimiento. Con planos funcionales, acabados modernos y precios asequibles, Emporio Homes se compromete a ayudar a las familias de Weslaco a alcanzar la propiedad de la vivienda con confianza. <\/p>\n<p>[\/vc_column_text][\/vc_column_inner][\/vc_row_inner][vc_empty_space height=&#8221;45px&#8221; el_class=&#8221;hide-for-large&#8221;][vc_empty_space height=&#8221;90px&#8221; el_class=&#8221;show-for-large&#8221;][\/vc_column][\/vc_row][\/vc_section][vc_section el_id=&#8221;subdivision-section_2&#8243; el_class=&#8221;bg-primary has-fancy-background has-fancy-background-gold-left&#8221;][vc_row][vc_column][vc_empty_space height=&#8221;90px&#8221; el_class=&#8221;show-for-large&#8221;][vc_empty_space height=&#8221;45px&#8221; el_class=&#8221;hide-for-large&#8221;][vc_row_inner content_placement=&#8221;middle&#8221; el_class=&#8221;row no-padding-vc&#8221;][vc_column_inner width=&#8221;1\/2&#8243;][vc_empty_space height=&#8221;90px&#8221; el_class=&#8221;show-for-large&#8221;][vc_column_text css=&#8221;&#8221; el_class=&#8221;large-text-left text-center&#8221;]<img decoding=\"async\" class=\"w-100 alignnone size-full wp-image-31\" src=\"\/wp-content\/uploads\/2025\/03\/subdivision-section_2-img_1-updated.png\">[\/vc_column_text][\/vc_column_inner][vc_column_inner el_class=&#8221;extra-large-padding-left-for-large&#8221; width=&#8221;1\/2&#8243;][vc_column_text css=&#8221;&#8221; el_class=&#8221;large-text-left text-center extra-large-padding-right-for-xlarge&#8221;]<\/p>\n<p class=\"margin-bottom1point5rem extra-large font-weight-500 font-color-white\">Weslaco, TX<\/p>\n<p class=\"big\"><img decoding=\"async\" src=\"\/wp-content\/uploads\/2025\/03\/icon.svg\"><\/p>\n<p>[\/vc_column_text][vc_column_text css=&#8221;&#8221; el_class=&#8221;large-text-left text-center extra-large-padding-right-for-xlarge&#8221;]<\/p>\n<p class=\"margin-bottom1point5rem big font-weight-500 font-color-white\">Perfectamente situada en el Valle Medio, entre McAllen y Harlingen, TX, Weslaco es una de las ciudades de m\u00e1s r\u00e1pido crecimiento de todo el Valle del R\u00edo Grande. Situada justo al norte de la frontera entre EE.UU. y M\u00e9xico, con acceso directo a la carretera interestatal 2, acceso al corredor comercial y m\u00e9dico, y la conveniencia de asistir al Distrito Escolar Independiente de Weslaco, Weslaco se ha convertido en un lugar de destino para los compradores de vivienda por primera vez. Se prev\u00e9 que el crecimiento demogr\u00e1fico de Weslaco sea uno de los m\u00e1s r\u00e1pidos del Valle del R\u00edo Grande, con una previsi\u00f3n del 5-8% anual durante los pr\u00f3ximos 10 a\u00f1os.  <\/p>\n<p class=\"big font-weight-500 margin-bottom1point5rem font-color-white\">La primera impresi\u00f3n al visitar esta ciudad de Texas es admirar su diversidad cultural, su comida, su patrimonio y sus muchas atracciones. Weslaco combina a la perfecci\u00f3n la cultura mexicana y la estadounidense. Weslaco cuenta con incre\u00edbles zonas naturales, perfectas para realizar actividades al aire libre.  <\/p>\n<p>[\/vc_column_text][\/vc_column_inner][\/vc_row_inner][vc_empty_space height=&#8221;45px&#8221; el_class=&#8221;hide-for-large&#8221;][vc_empty_space height=&#8221;90px&#8221; el_class=&#8221;show-for-large&#8221;][\/vc_column][\/vc_row][\/vc_section][vc_section el_id=&#8221;subdivision-section_3&#8243; el_class=&#8221;bg-secondary&#8221;][vc_row][vc_column][vc_empty_space height=&#8221;75px&#8221; el_class=&#8221;show-for-large&#8221;][vc_empty_space height=&#8221;45px&#8221; el_class=&#8221;hide-for-large&#8221;][vc_row_inner equal_height=&#8221;yes&#8221; el_class=&#8221;row no-padding-vc align-center&#8221;][vc_column_inner][vc_column_text css=&#8221;&#8221; el_class=&#8221;text-center&#8221;]<\/p>\n<h2 class=\"margin-bottom1point5rem font-weight-500\">A Pasos De Parques, Colegios Y Tiendas<\/h2>\n<p>[\/vc_column_text][\/vc_column_inner][\/vc_row_inner][vc_row_inner equal_height=&#8221;yes&#8221; el_class=&#8221;row no-padding-vc align-center&#8221;][vc_column_inner el_class=&#8221;columns large-8 small-12 text-center&#8221;][vc_column_text css=&#8221;&#8221;]<\/p>\n<p class=\"big margin-bottom1point5rem\"><img decoding=\"async\" src=\"\/wp-content\/uploads\/2025\/03\/icon-primary.png\"><\/p>\n<p class=\"big margin-bottom1point5rem font-weight-500 remove-br\">Un nuevo barrio construido para familias que quieren m\u00e1s: m\u00e1s diversi\u00f3n al aire libre, m\u00e1s tiendas cercanas y m\u00e1s conexi\u00f3n con la comunidad de Weslaco.<\/p>\n<p>[\/vc_column_text][vc_empty_space height=&#8221;24px&#8221; el_class=&#8221;hide-for-large&#8221;][vc_empty_space height=&#8221;45px&#8221; el_class=&#8221;show-for-large&#8221;][vc_raw_html css=&#8221;&#8221;]PHN0eWxlPi5zdWJkaXZpc2lvbi1jb250ZW50IHsKICAgIHBhZGRpbmc6IDUwcHggNDBweDsKICAgIGJvcmRlci1yYWRpdXM6IDAgMCA1MHB4OwogICAgaGVpZ2h0OiAzNTBweDsKfQo8L3N0eWxlPg==[\/vc_raw_html][\/vc_column_inner][\/vc_row_inner][vc_empty_space height=&#8221;45px&#8221; el_class=&#8221;hide-for-large&#8221;][vc_empty_space height=&#8221;75px&#8221; el_class=&#8221;show-for-large&#8221;][vc_row_inner el_class=&#8221;row no-padding-vc&#8221;][vc_column_inner el_class=&#8221;rectangle-column left&#8221; width=&#8221;1\/3&#8243;][vc_raw_html css=&#8221;&#8221;]PGRpdiBjbGFzcz0ic3ViZGl2aXNpb24tY29udGFpbmVyIj48aW1nIGNsYXNzPSJhbGlnbm5vbmUgc2l6ZS1mdWxsIHdwLWltYWdlLTgzNyIgc3JjPSJodHRwczovL3d3dy5lbXBvcmlvLWhvbWVzLmNvbS93cC1jb250ZW50L3VwbG9hZHMvMjAyNS8wNS9zdWJkaXZpc2lvbi1zZWN0aW9uXzItaW1nXzEucG5nIiBhbHQ9IiIgd2lkdGg9IjE2NTYiIGhlaWdodD0iMTExMCI+CjxkaXYgY2xhc3M9InN1YmRpdmlzaW9uLWNvbnRlbnQgYmctcHJpbWFyeSB0ZXh0LWNlbnRlciI+CjxwIGNsYXNzPSJleHRyYS1iaWcgZm9udC1jb2xvci13aGl0ZSI+UGFycXVlIEFsY2FsZGUgUGFibG8gUGXDsWE8L3A+CjxwIGNsYXNzPSJiaWcgZm9udC1jb2xvci13aGl0ZSI+VW4gZXNwYWNpb3NvIHBhcnF1ZSB1cmJhbm8gY29uIDMgY2FtcG9zIGRlIHNvZnRiYWxsLCA5IHBpc3RhcyBkZSB0ZW5pcywgMyBjYW1wb3MgZGUgZsO6dGJvbCwgdW5hIGVzdGFjacOzbiBkZSBlbnRyZW5hbWllbnRvIHkgdW4gc2VuZGVybyBwYXZpbWVudGFkbyBwYXJhIGNhbWluYXIgZGUgMCw5IG1pbGxhcy4gUmVjaWVudGVtZW50ZSBhY3R1YWxpemFkbyBjb24gaWx1bWluYWNpw7NuIExFRCBwYXJhIHVzbyBub2N0dXJuby4gSWRlYWwgcGFyYSBkZXBvcnRlcywgZml0bmVzcyB5IGV2ZW50b3MgY29tdW5pdGFyaW9zLiAgPC9wPgo8L2Rpdj4KPC9kaXY+[\/vc_raw_html][vc_empty_space][\/vc_column_inner][vc_column_inner width=&#8221;1\/3&#8243;][vc_raw_html css=&#8221;&#8221;]PGRpdiBjbGFzcz0ic3ViZGl2aXNpb24tY29udGFpbmVyIj48aW1nIGNsYXNzPSJhbGlnbm5vbmUgc2l6ZS1mdWxsIHdwLWltYWdlLTgzNyIgc3JjPSJodHRwczovL3d3dy5lbXBvcmlvLWhvbWVzLmNvbS93cC1jb250ZW50L3VwbG9hZHMvMjAyNS8wNS9zdWJkaXZpc2lvbi1zZWN0aW9uXzItaW1nXzIucG5nIiBhbHQ9IiIgd2lkdGg9IjE2NTYiIGhlaWdodD0iMTExMCI+CjxkaXYgY2xhc3M9InN1YmRpdmlzaW9uLWNvbnRlbnQgYmctcHJpbWFyeSB0ZXh0LWNlbnRlciI+CjxwIGNsYXNzPSJleHRyYS1iaWcgZm9udC1jb2xvci13aGl0ZSI+Q29tcGxlam8gRGVwb3J0aXZvIEhhcmxvbiBCbG9jazwvcD4KPHAgY2xhc3M9ImJpZyBmb250LWNvbG9yLXdoaXRlIj5VbmEgaW5zdGFsYWNpw7NuIGRlcG9ydGl2YSBjb21wbGV0YSBxdWUgb2ZyZWNlIDMgY2FtcG9zIGRlIHNvZnRiYWxsLCAxIGNhbXBvIGRlIGLDqWlzYm9sLCAyIGNhbmNoYXMgZGUgYmFsb25jZXN0bywgdW4gc2VuZGVybyBwYXJhIGNhbWluYXIgZGUgMSwxIG1pbGxhcywgZXN0YWNpw7NuIGRlIGVudHJlbmFtaWVudG8sIHBhcnF1ZSBwYXJhIHBlcnJvcywgcGFiZWxsb25lcyB5IGVzcGFjaW9zIGFiaWVydG9zIHBhcmEgZXZlbnRvcy48L3A+CjwvZGl2Pgo8L2Rpdj4=[\/vc_raw_html][vc_empty_space][\/vc_column_inner][vc_column_inner width=&#8221;1\/3&#8243;][vc_raw_html css=&#8221;&#8221;]PGRpdiBjbGFzcz0ic3ViZGl2aXNpb24tY29udGFpbmVyIj48aW1nIGNsYXNzPSJhbGlnbm5vbmUgc2l6ZS1mdWxsIHdwLWltYWdlLTgzNyIgc3JjPSJodHRwczovL3d3dy5lbXBvcmlvLWhvbWVzLmNvbS93cC1jb250ZW50L3VwbG9hZHMvMjAyNS8wNS9zdWJkaXZpc2lvbi1zZWN0aW9uXzItaW1nXzMucG5nIiBhbHQ9IiIgd2lkdGg9IjE2NTYiIGhlaWdodD0iMTExMCI+CjxkaXYgY2xhc3M9InN1YmRpdmlzaW9uLWNvbnRlbnQgYmctcHJpbWFyeSB0ZXh0LWNlbnRlciI+CjxwIGNsYXNzPSJleHRyYS1iaWcgZm9udC1jb2xvci13aGl0ZSI+Q2VudHJvIGRlIFdlc2xhY288L3A+CjxwIGNsYXNzPSJiaWcgZm9udC1jb2xvci13aGl0ZSI+RWwgbsO6Y2xlbyBoaXN0w7NyaWNvIGRlIGxhIGNpdWRhZCwgY29uIHRpZW5kYXMgbG9jYWxlcywgcmVzdGF1cmFudGVzIHkgbHVnYXJlcyBlbWJsZW3DoXRpY29zIGNvbW8gbGEgVmlsbGEgZGUgQ29ydGV6LiBBY29nZSBhY29udGVjaW1pZW50b3MgY29tbyBsYSBGaWVzdGEgZGUgbGEgQ2Vib2xsYSBkZSBUZXhhcyB5IGRlc2ZpbGVzIG5hdmlkZcOxb3MsIHF1ZSByZWZsZWphbiBsYSB2aWJyYW50ZSBjdWx0dXJhIGRlIGxhIGNvbXVuaWRhZC4gPC9wPgo8L2Rpdj4KPC9kaXY+[\/vc_raw_html][vc_empty_space][\/vc_column_inner][\/vc_row_inner][vc_row_inner el_class=&#8221;row no-padding-vc&#8221;][vc_column_inner el_class=&#8221;rectangle-column left&#8221; width=&#8221;1\/3&#8243;][vc_raw_html css=&#8221;&#8221;]PGRpdiBjbGFzcz0ic3ViZGl2aXNpb24tY29udGFpbmVyIj48aW1nIGNsYXNzPSJhbGlnbm5vbmUgc2l6ZS1mdWxsIHdwLWltYWdlLTgzNyIgc3JjPSJodHRwczovL3d3dy5lbXBvcmlvLWhvbWVzLmNvbS93cC1jb250ZW50L3VwbG9hZHMvMjAyNS8wNS9zdWJkaXZpc2lvbi1zZWN0aW9uXzItaW1nXzQucG5nIiBhbHQ9IiIgd2lkdGg9IjE2NTYiIGhlaWdodD0iMTExMCI+CjxkaXYgY2xhc3M9InN1YmRpdmlzaW9uLWNvbnRlbnQgYmctcHJpbWFyeSB0ZXh0LWNlbnRlciI+CjxwIGNsYXNzPSJleHRyYS1iaWcgZm9udC1jb2xvci13aGl0ZSI+SG90ZWwgQ29ydGV6IChWaWxsYSBkZSBDb3J0ZXopPC9wPgo8cCBjbGFzcz0iYmlnIGZvbnQtY29sb3Itd2hpdGUiPlVuIGx1Z2FyIGhpc3TDs3JpY28gZW4gMjYwIFMgVGV4YXMgQmx2ZCwgaW5hdWd1cmFkbyBvcmlnaW5hbG1lbnRlIGVuIDE5MjguIEFob3JhIGVzIHVuIGVsZWdhbnRlIGx1Z2FyIHBhcmEgZXZlbnRvcywgY29uIGFycXVpdGVjdHVyYSBtZWRpdGVycsOhbmVhIGVzcGHDsW9sYSB5IGzDoW1wYXJhcyBkZSBhcmHDsWEgZGUgY3Jpc3RhbC4gPC9wPgo8L2Rpdj4KPC9kaXY+[\/vc_raw_html][vc_empty_space][\/vc_column_inner][vc_column_inner width=&#8221;1\/3&#8243;][vc_raw_html css=&#8221;&#8221;]PGRpdiBjbGFzcz0ic3ViZGl2aXNpb24tY29udGFpbmVyIj48aW1nIGNsYXNzPSJhbGlnbm5vbmUgc2l6ZS1mdWxsIHdwLWltYWdlLTgzNyIgc3JjPSJodHRwczovL3d3dy5lbXBvcmlvLWhvbWVzLmNvbS93cC1jb250ZW50L3VwbG9hZHMvMjAyNS8wNS9zdWJkaXZpc2lvbi1zZWN0aW9uXzItaW1nXzUucG5nIiBhbHQ9IiIgd2lkdGg9IjE2NTYiIGhlaWdodD0iMTExMCI+CjxkaXYgY2xhc3M9InN1YmRpdmlzaW9uLWNvbnRlbnQgYmctcHJpbWFyeSB0ZXh0LWNlbnRlciI+CjxwIGNsYXNzPSJleHRyYS1iaWcgZm9udC1jb2xvci13aGl0ZSI+VG9ycmUgZGUgYWd1YSBkZSBXZXNsYWNvPC9wPgo8cCBjbGFzcz0iYmlnIGZvbnQtY29sb3Itd2hpdGUiPkNvbnN0cnVpZGEgZW4gMTkyOCwgbGEgaGlzdMOzcmljYSBUb3JyZSBkZWwgQWd1YSBkZSBXZXNsYWNvIHNpbWJvbGl6YSBlbCBkZXNhcnJvbGxvIGRlIGxhIGNpdWRhZCB5IHN1IGNvbXByb21pc28gY29uIGxhcyBpbmZyYWVzdHJ1Y3R1cmFzIGR1cmFudGUgc3VzIHByaW1lcm9zIGHDsW9zLjwvcD4KPC9kaXY+CjwvZGl2Pg==[\/vc_raw_html][vc_empty_space][\/vc_column_inner][vc_column_inner width=&#8221;1\/3&#8243;][vc_raw_html css=&#8221;&#8221;]PGRpdiBjbGFzcz0ic3ViZGl2aXNpb24tY29udGFpbmVyIj48aW1nIGNsYXNzPSJhbGlnbm5vbmUgc2l6ZS1mdWxsIHdwLWltYWdlLTgzNyIgc3JjPSJodHRwczovL3d3dy5lbXBvcmlvLWhvbWVzLmNvbS93cC1jb250ZW50L3VwbG9hZHMvMjAyNS8wNS9zdWJkaXZpc2lvbi1zZWN0aW9uXzItaW1nXzYucG5nIiBhbHQ9IiIgd2lkdGg9IjE2NTYiIGhlaWdodD0iMTExMCI+CjxkaXYgY2xhc3M9InN1YmRpdmlzaW9uLWNvbnRlbnQgYmctcHJpbWFyeSB0ZXh0LWNlbnRlciI+CjxwIGNsYXNzPSJleHRyYS1iaWcgZm9udC1jb2xvci13aGl0ZSI+UGFycXVlIENhdmF6b3M8L3A+CjxwIGNsYXNzPSJiaWcgZm9udC1jb2xvci13aGl0ZSI+VW4gcGFycXVlIGRlIGJhcnJpbyBlcXVpcGFkbyBjb24gY2FuY2hhIGRlIGJhbG9uY2VzdG8sIGNvbHVtcGlvcyB5IHBhcnF1ZSBpbmZhbnRpbC4gUHJvcG9yY2lvbmEgdW4gZXNwYWNpbyBhY29nZWRvciBwYXJhIHF1ZSBsYXMgZmFtaWxpYXMgeSBsb3MgbmnDsW9zIGRpc2ZydXRlbiBkZSBhY3RpdmlkYWRlcyBhbCBhaXJlIGxpYnJlLiA8L3A+CjwvZGl2Pgo8L2Rpdj4=[\/vc_raw_html][vc_empty_space][\/vc_column_inner][\/vc_row_inner][vc_row_inner el_class=&#8221;row no-padding-vc&#8221;][vc_column_inner el_class=&#8221;rectangle-column left&#8221; width=&#8221;1\/3&#8243;][vc_raw_html css=&#8221;&#8221;]PGRpdiBjbGFzcz0ic3ViZGl2aXNpb24tY29udGFpbmVyIj48aW1nIGNsYXNzPSJhbGlnbm5vbmUgc2l6ZS1mdWxsIHdwLWltYWdlLTgzNyIgc3JjPSJodHRwczovL3d3dy5lbXBvcmlvLWhvbWVzLmNvbS93cC1jb250ZW50L3VwbG9hZHMvMjAyNS8wNS9zdWJkaXZpc2lvbi1zZWN0aW9uXzItaW1nXzcucG5nIiBhbHQ9IiIgd2lkdGg9IjE2NTYiIGhlaWdodD0iMTExMCI+CjxkaXYgY2xhc3M9InN1YmRpdmlzaW9uLWNvbnRlbnQgYmctcHJpbWFyeSB0ZXh0LWNlbnRlciI+CjxwIGNsYXNzPSJleHRyYS1iaWcgZm9udC1jb2xvci13aGl0ZSI+UGFycXVlIGRlIGxhIFBsYXppdGE8L3A+CjxwIGNsYXNzPSJiaWcgZm9udC1jb2xvci13aGl0ZSI+VW4gcGFycXVlIGNvbXVuaXRhcmlvIHF1ZSBjdWVudGEgY29uIHVuIHBhYmVsbMOzbiwgdW4gcGFycXVlIGluZmFudGlsIHkgdW5hIGNhbmNoYSBkZSBiYWxvbmNlc3RvLiBBY29nZSByZWd1bGFybWVudGUgYWN0b3MgY3VsdHVyYWxlcyBjb21vIGxhcyBjZWxlYnJhY2lvbmVzIGRlbCBDaW5jbyBkZSBNYXlvLCBmb21lbnRhbmRvIGVsIGNvbXByb21pc28gZGUgbGEgY29tdW5pZGFkLiA8L3A+CjwvZGl2Pgo8L2Rpdj4=[\/vc_raw_html][vc_empty_space][\/vc_column_inner][vc_column_inner width=&#8221;1\/3&#8243;][vc_raw_html css=&#8221;&#8221;]PGRpdiBjbGFzcz0ic3ViZGl2aXNpb24tY29udGFpbmVyIj48aW1nIGNsYXNzPSJhbGlnbm5vbmUgc2l6ZS1mdWxsIHdwLWltYWdlLTgzNyIgc3JjPSJodHRwczovL3d3dy5lbXBvcmlvLWhvbWVzLmNvbS93cC1jb250ZW50L3VwbG9hZHMvMjAyNS8wNS9zdWJkaXZpc2lvbi1zZWN0aW9uXzItaW1nXzgucG5nIiBhbHQ9IiIgd2lkdGg9IjE2NTYiIGhlaWdodD0iMTExMCI+CjxkaXYgY2xhc3M9InN1YmRpdmlzaW9uLWNvbnRlbnQgYmctcHJpbWFyeSB0ZXh0LWNlbnRlciI+CjxwIGNsYXNzPSJleHRyYS1iaWcgZm9udC1jb2xvci13aGl0ZSI+UGFycXVlIElzYWFjIFJvZHLDrWd1ZXo8L3A+CjxwIGNsYXNzPSJiaWcgZm9udC1jb2xvci13aGl0ZSI+w4FyZWEgcmVjcmVhdGl2YSBxdWUgY3VlbnRhIGNvbiB1biBwYXJxdWUgZGUgcGF0aW5hamUsIDIgY2FtcG9zIGRlIGLDqWlzYm9sLCB1biBwYXJxdWUgaW5mYW50aWwgeSBlbCBDZW50cm8gZGUgU2VydmljaW9zIGRlIFdlc2xhY28uIEFwdGEgcGFyYSBkZXBvcnRlcywgcGFzZW9zIGZhbWlsaWFyZXMgeSByZXVuaW9uZXMgY29tdW5pdGFyaWFzLiA8L3A+CjwvZGl2Pgo8L2Rpdj4=[\/vc_raw_html][vc_empty_space][\/vc_column_inner][vc_column_inner width=&#8221;1\/3&#8243;][vc_raw_html css=&#8221;&#8221;]PGRpdiBjbGFzcz0ic3ViZGl2aXNpb24tY29udGFpbmVyIj48aW1nIGNsYXNzPSJhbGlnbm5vbmUgc2l6ZS1mdWxsIHdwLWltYWdlLTgzNyIgc3JjPSJodHRwczovL3d3dy5lbXBvcmlvLWhvbWVzLmNvbS93cC1jb250ZW50L3VwbG9hZHMvMjAyNS8wNS9zdWJkaXZpc2lvbi1zZWN0aW9uXzItaW1nXzkucG5nIiBhbHQ9IiIgd2lkdGg9IjE2NTYiIGhlaWdodD0iMTExMCI+CjxkaXYgY2xhc3M9InN1YmRpdmlzaW9uLWNvbnRlbnQgYmctcHJpbWFyeSB0ZXh0LWNlbnRlciI+CjxwIGNsYXNzPSJleHRyYS1iaWcgZm9udC1jb2xvci13aGl0ZSI+UGFycXVlIEdpYnNvbjwvcD4KPHAgY2xhc3M9ImJpZyBmb250LWNvbG9yLXdoaXRlIj5TZWRlIGRlbCBDZW50cm8gZGUgbGEgTmF0dXJhbGV6YSBkZWwgVmFsbGUsIGVzdGUgcGFycXVlIGluY2x1eWUgcGlzY2luYSwgcGFycXVlIGluZmFudGlsLCBjYW5jaGEgZGUgYmFsb25jZXN0bywgbWVzYXMgZGUgcGluZyBwb25nLCBwdWVzdG9zIGRlIGNvcm5ob2xlIHkgcGFiZWxsb25lcy4gVW4gY2VudHJvIHBhcmEgbGEgZWR1Y2FjacOzbiBzb2JyZSBsYSBuYXR1cmFsZXphIHkgZWwgb2NpbyBhbCBhaXJlIGxpYnJlLiA8L3A+CjwvZGl2Pgo8L2Rpdj4=[\/vc_raw_html][vc_empty_space][\/vc_column_inner][\/vc_row_inner][vc_row_inner el_class=&#8221;row no-padding-vc&#8221;][vc_column_inner el_class=&#8221;rectangle-column left&#8221; width=&#8221;1\/3&#8243;][vc_raw_html css=&#8221;&#8221;]PGRpdiBjbGFzcz0ic3ViZGl2aXNpb24tY29udGFpbmVyIj48aW1nIGNsYXNzPSJhbGlnbm5vbmUgc2l6ZS1mdWxsIHdwLWltYWdlLTgzNyIgc3JjPSJodHRwczovL3d3dy5lbXBvcmlvLWhvbWVzLmNvbS93cC1jb250ZW50L3VwbG9hZHMvMjAyNS8wNS9zdWJkaXZpc2lvbi1zZWN0aW9uXzItaW1nXzEwLnBuZyIgYWx0PSIiIHdpZHRoPSIxNjU2IiBoZWlnaHQ9IjExMTAiPgo8ZGl2IGNsYXNzPSJzdWJkaXZpc2lvbi1jb250ZW50IGJnLXByaW1hcnkgdGV4dC1jZW50ZXIiPgo8cCBjbGFzcz0iZXh0cmEtYmlnIGZvbnQtY29sb3Itd2hpdGUiPklnbGVzaWEgQ2F0w7NsaWNhIGRlIFNhbiBQw61vIFg8L3A+CjxwIGNsYXNzPSJiaWcgZm9udC1jb2xvci13aGl0ZSI+U2l0dWFkYSBlbiBlbCA2MDAgUyBkZSBsYSBhdmVuaWRhIE9rbGFob21hLCBlc3RhIGlnbGVzaWEgb2ZyZWNlIG1pc2EgdGFudG8gZW4gaW5nbMOpcyBjb21vIGVuIGVzcGHDsW9sLiBUaWVuZSBkb3MgY2FtcGFuYXJpb3MgZ2VtZWxvcyB5IGVzIHVuIGNlbnRybyBlc3Bpcml0dWFsIHBhcmEgbGEgY29tdW5pZGFkIGNhdMOzbGljYSBsb2NhbC4gPC9wPgo8L2Rpdj4KPC9kaXY+[\/vc_raw_html][vc_empty_space][\/vc_column_inner][vc_column_inner width=&#8221;1\/3&#8243;][vc_raw_html css=&#8221;&#8221;]PGRpdiBjbGFzcz0ic3ViZGl2aXNpb24tY29udGFpbmVyIj48aW1nIGNsYXNzPSJhbGlnbm5vbmUgc2l6ZS1mdWxsIHdwLWltYWdlLTgzNyIgc3JjPSJodHRwczovL3d3dy5lbXBvcmlvLWhvbWVzLmNvbS93cC1jb250ZW50L3VwbG9hZHMvMjAyNS8wNS9zdWJkaXZpc2lvbi1zZWN0aW9uXzItaW1nXzExLnBuZyIgYWx0PSIiIHdpZHRoPSIxNjU2IiBoZWlnaHQ9IjExMTAiPgo8ZGl2IGNsYXNzPSJzdWJkaXZpc2lvbi1jb250ZW50IGJnLXByaW1hcnkgdGV4dC1jZW50ZXIiPgo8cCBjbGFzcz0iZXh0cmEtYmlnIGZvbnQtY29sb3Itd2hpdGUiPkFudGlndWEgZXN0YWNpw7NuIGRlIGZlcnJvY2FycmlsPC9wPgo8cCBjbGFzcz0iYmlnIGZvbnQtY29sb3Itd2hpdGUiPlVuYSBlc3RydWN0dXJhIGhpc3TDs3JpY2EgcXVlIHNpbWJvbGl6YSBlbCBkZXNhcnJvbGxvIGRlIFdlc2xhY28gYSBwcmluY2lwaW9zIGRlbCBzaWdsbyBYWC4gUmVmbGVqYSBsb3Mgb3LDrWdlbmVzIGRlIGxhIGNpdWRhZCBsaWdhZG9zIGFsIEZlcnJvY2FycmlsIGRlIFNhbiBMdWlzLCBCcm93bnN2aWxsZSB5IE3DqXhpY28uIDwvcD4KPC9kaXY+CjwvZGl2Pg==[\/vc_raw_html][vc_empty_space][\/vc_column_inner][vc_column_inner width=&#8221;1\/3&#8243;][vc_raw_html css=&#8221;&#8221;]PGRpdiBjbGFzcz0ic3ViZGl2aXNpb24tY29udGFpbmVyIj48aW1nIGNsYXNzPSJhbGlnbm5vbmUgc2l6ZS1mdWxsIHdwLWltYWdlLTgzNyIgc3JjPSJodHRwczovL3d3dy5lbXBvcmlvLWhvbWVzLmNvbS93cC1jb250ZW50L3VwbG9hZHMvMjAyNS8wNS9zdWJkaXZpc2lvbi1zZWN0aW9uXzItaW1nXzEyLnBuZyIgYWx0PSIiIHdpZHRoPSIxNjU2IiBoZWlnaHQ9IjExMTAiPgo8ZGl2IGNsYXNzPSJzdWJkaXZpc2lvbi1jb250ZW50IGJnLXByaW1hcnkgdGV4dC1jZW50ZXIiPgo8cCBjbGFzcz0iZXh0cmEtYmlnIGZvbnQtY29sb3Itd2hpdGUiPlBhcnF1ZSBKdWV6IEdpbGJlcnQgR2FyemE8L3A+CjxwIGNsYXNzPSJiaWcgZm9udC1jb2xvci13aGl0ZSI+U2l0dWFkbyBlbiAzMjAgRS4gTWlsZSAxMSBSZCwgZXN0ZSBwYXJxdWUgY3VlbnRhIGNvbiB1bmEgem9uYSBkZSBjaGFwb3RlbywgYXBhcmF0b3MgZGUgZ2ltbmFzaWEsIG3DoXMgZGUgMiw1IGttIGRlIHNlbmRlcm9zLCBhc2VvcyB5IHBsYW5lcyBkZSBpbnN0YWxhY2lvbmVzIGFkaWNpb25hbGVzIGNvbW8ganVlZ29zIGluZmFudGlsZXMgeSBjYW1wb3MgZGVwb3J0aXZvcy48L3A+CjwvZGl2Pgo8L2Rpdj4=[\/vc_raw_html][vc_empty_space][\/vc_column_inner][\/vc_row_inner][vc_empty_space height=&#8221;45px&#8221; el_class=&#8221;hide-for-large&#8221;][vc_empty_space height=&#8221;90px&#8221; el_class=&#8221;show-for-large&#8221;][\/vc_column][\/vc_row][\/vc_section][vc_section el_id=&#8221;subdivision-section_4&#8243;][vc_row][vc_column][vc_empty_space height=&#8221;75px&#8221; el_class=&#8221;show-for-large&#8221;][vc_empty_space height=&#8221;45px&#8221; el_class=&#8221;hide-for-large&#8221;][vc_row_inner equal_height=&#8221;yes&#8221; el_class=&#8221;row no-padding-vc align-center&#8221;][vc_column_inner][vc_column_text css=&#8221;&#8221; el_class=&#8221;text-center&#8221;]<\/p>\n<h2 class=\"margin-bottom1point5rem font-weight-500\">Encuentra tu hogar en el coraz\u00f3n de Weslaco<\/h2>\n<p>[\/vc_column_text][\/vc_column_inner][\/vc_row_inner][vc_row_inner equal_height=&#8221;yes&#8221; el_class=&#8221;row no-padding-vc align-center&#8221;][vc_column_inner el_class=&#8221;columns large-8 small-12 text-center&#8221;][vc_column_text css=&#8221;&#8221;]<\/p>\n<p class=\"big margin-bottom1point5rem\"><img decoding=\"async\" src=\"\/wp-content\/uploads\/2025\/03\/icon.svg\"><\/p>\n<p class=\"big margin-bottom1point5rem font-weight-500 remove-br\">Una exclusiva subdivisi\u00f3n de 33 parcelas dise\u00f1ada para compradores de primera vivienda, a pocos minutos de las mejores escuelas, tiendas y el parque al aire libre m\u00e1s grande de Weslaco.<\/p>\n<p>[\/vc_column_text][vc_empty_space height=&#8221;24px&#8221; el_class=&#8221;hide-for-large&#8221;][vc_empty_space height=&#8221;45px&#8221; el_class=&#8221;show-for-large&#8221;][\/vc_column_inner][\/vc_row_inner][vc_empty_space height=&#8221;45px&#8221; el_class=&#8221;hide-for-large&#8221;][vc_empty_space height=&#8221;75px&#8221; el_class=&#8221;show-for-large&#8221;][vc_row_inner el_class=&#8221;row no-padding-vc&#8221;][vc_column_inner el_class=&#8221;rectangle-column left&#8221;][vc_column_text css=&#8221;&#8221; el_class=&#8221;text-center&#8221;]<img loading=\"lazy\" decoding=\"async\" class=\"alignnone size-full wp-image-338\" src=\"\/wp-content\/uploads\/2026\/03\/Subdivisions-2.png\" alt=\"\" width=\"847\" height=\"1286\">[\/vc_column_text][\/vc_column_inner][\/vc_row_inner][vc_empty_space height=&#8221;45px&#8221; el_class=&#8221;hide-for-large&#8221;][vc_empty_space height=&#8221;90px&#8221; el_class=&#8221;show-for-large&#8221;][\/vc_column][\/vc_row][\/vc_section][vc_row][vc_column][vc_column_text][\/vc_column_text][\/vc_column][\/vc_row]<\/p>\n<\/div>","protected":false},"excerpt":{"rendered":"<p>[vc_section el_id=&#8221;subdivision-section_0&#8243; css=&#8221;.vc_custom_1741713959474{background-position: center !important;background-repeat: no-repeat !important;background-size: cover !important;}&#8221;][vc_row][vc_column][vc_row_inner el_class=&#8221;row expanded no-padding-vc collapse&#8221;][vc_column_inner][vc_column_text css=&#8221;&#8221;] Subdivisiones [\/vc_column_text][\/vc_column_inner][\/vc_row_inner][\/vc_column][\/vc_row][\/vc_section][vc_section el_id=&#8221;subdivision-section_1&#8243; el_class=&#8221;has-fancy-background has-fancy-background-gold-right&#8221;][vc_row][vc_column][vc_empty_space height=&#8221;24px&#8221; el_class=&#8221;hide-for-large&#8221;][vc_empty_space height=&#8221;45px&#8221; el_class=&#8221;show-for-large&#8221;][vc_row_inner content_placement=&#8221;middle&#8221; el_class=&#8221;row no-padding-vc&#8221;][vc_column_inner el_class=&#8221;large-order-1&#8243; width=&#8221;1\/2&#8243;][vc_empty_space height=&#8221;90px&#8221; el_class=&#8221;show-for-large&#8221;][vc_column_text css=&#8221;&#8221; el_class=&#8221;large-text-left text-center&#8221;][\/vc_column_text][\/vc_column_inner][vc_column_inner el_class=&#8221;large-order-0&#8243; width=&#8221;1\/2&#8243;][vc_column_text css=&#8221;&#8221; el_class=&#8221;large-text-left text-center&#8221;] Subdivisi\u00f3n Bridge Crossing Subdivisi\u00f3n Milanos Estates Weslaco, TX Emporio Homes se enorgullece de construir en Weslaco, Texas,<a class=\"excerpt-read-more\" href=\"https:\/\/www.emporio-homes.com\/es\/subdivisiones\/\" title=\"ReadSubdivisiones\">&#8230; Read more &raquo;<\/a><\/p>\n","protected":false},"author":1,"featured_media":0,"parent":0,"menu_order":0,"comment_status":"closed","ping_status":"closed","template":"template-visual-builder.php","meta":{"_acf_changed":false,"footnotes":""},"class_list":["post-723","page","type-page","status-publish","hentry"],"acf":[],"_links":{"self":[{"href":"https:\/\/www.emporio-homes.com\/es\/wp-json\/wp\/v2\/pages\/723","targetHints":{"allow":["GET"]}}],"collection":[{"href":"https:\/\/www.emporio-homes.com\/es\/wp-json\/wp\/v2\/pages"}],"about":[{"href":"https:\/\/www.emporio-homes.com\/es\/wp-json\/wp\/v2\/types\/page"}],"author":[{"embeddable":true,"href":"https:\/\/www.emporio-homes.com\/es\/wp-json\/wp\/v2\/users\/1"}],"replies":[{"embeddable":true,"href":"https:\/\/www.emporio-homes.com\/es\/wp-json\/wp\/v2\/comments?post=723"}],"version-history":[{"count":25,"href":"https:\/\/www.emporio-homes.com\/es\/wp-json\/wp\/v2\/pages\/723\/revisions"}],"predecessor-version":[{"id":2151,"href":"https:\/\/www.emporio-homes.com\/es\/wp-json\/wp\/v2\/pages\/723\/revisions\/2151"}],"wp:attachment":[{"href":"https:\/\/www.emporio-homes.com\/es\/wp-json\/wp\/v2\/media?parent=723"}],"curies":[{"name":"wp","href":"https:\/\/api.w.org\/{rel}","templated":true}]}}