{"id":717,"date":"2025-03-11T17:34:13","date_gmt":"2025-03-11T17:34:13","guid":{"rendered":"https:\/\/www.emporio-homes.com\/listado-de-carteras\/"},"modified":"2025-05-13T18:07:02","modified_gmt":"2025-05-13T18:07:02","slug":"listado-de-carteras","status":"publish","type":"page","link":"https:\/\/www.emporio-homes.com\/es\/listado-de-carteras\/","title":{"rendered":"Cartera"},"content":{"rendered":"<div class=\"wpb-content-wrapper\"><p>[vc_section el_id=&#8221;portfolio-section_0&#8243; css=&#8221;.vc_custom_1741714882139{background-position: center !important;background-repeat: no-repeat !important;background-size: cover !important;}&#8221;][vc_row][vc_column][vc_row_inner el_class=&#8221;row expanded no-padding-vc collapse&#8221;][vc_column_inner][vc_column_text css=&#8221;&#8221;]<\/p>\n<div class=\"box-container-header\">\n<p><img decoding=\"async\" class=\"w-100\" src=\"\/wp-content\/uploads\/2025\/03\/portfolio-slider_1-bg_img_1-updated.png\" \/><\/p>\n<div class=\"box-container-content\">\n<h1 class=\"font-color-white\">Cat\u00e1logo de Casas Emporio<\/h1>\n<p class=\"big margin-bottom1point5rem\"><img decoding=\"async\" src=\"\/wp-content\/uploads\/2025\/03\/icon.svg\" \/><\/p>\n<\/div>\n<\/div>\n<p>[\/vc_column_text][\/vc_column_inner][\/vc_row_inner][\/vc_column][\/vc_row][\/vc_section][vc_section el_id=&#8221;portfolio-section_1&#8243;][vc_row][vc_column][vc_empty_space height=&#8221;24px&#8221; el_class=&#8221;hide-for-large&#8221;][vc_empty_space height=&#8221;45px&#8221; el_class=&#8221;show-for-large&#8221;][vc_row_inner equal_height=&#8221;yes&#8221; el_class=&#8221;row no-padding-vc align-center&#8221;][vc_column_inner el_class=&#8221;columns large-10 small-12&#8243;][vc_column_text css=&#8221;&#8221; el_class=&#8221;large-text-left text-center extra-large-padding-right-for-xlarge&#8221;][\/vc_column_text][vc_column_text css=&#8221;&#8221; el_class=&#8221;text-center&#8221;]<\/p>\n<h3 class=\"margin-bottom1point5rem font-weight-500\">Explora Nuestra Colecci\u00f3n y Encuentra la Casa de tus Sue\u00f1os<\/h3>\n<p class=\"big margin-bottom1point5rem\"><img decoding=\"async\" src=\"\/wp-content\/uploads\/2025\/03\/icon.svg\" \/><\/p>\n<p class=\"big margin-bottom1point5rem font-weight-500 remove-br\">Explora nuestra colecci\u00f3n de casas modernas y asequibles, dise\u00f1adas para quienes compran por primera vez y para familias en crecimiento. En<br \/>\nEmporio Homes nos centramos en la calidad artesanal, las distribuciones funcionales y los dise\u00f1os elegantes, para que puedas mudarte a<br \/>\na una casa construida para ofrecer comodidad, seguridad y valor a largo plazo.<\/p>\n<p>[\/vc_column_text][\/vc_column_inner][\/vc_row_inner][vc_empty_space height=&#8221;45px&#8221; el_class=&#8221;hide-for-large&#8221;][vc_empty_space height=&#8221;90px&#8221; el_class=&#8221;show-for-large&#8221;][vc_row_inner el_class=&#8221;row no-padding-vc margin-small-zero&#8221;][vc_column_inner el_class=&#8221;rectangle-column left&#8221;][vc_column_text css=&#8221;&#8221; el_class=&#8221;text-center&#8221;]<div class='portfolio-homes-listing'><div class='row no-padding-vc'><div class='columns large-6 medium-12 small-12'>\n<a data-equalizer-watch='' href=\"https:\/\/www.emporio-homes.com\/es\/portfolio\/estilo-rural\/\">\n    <div class='home-container text-center codesm-equalize-content'>\n        <img width=\"100%\" src=https:\/\/www.emporio-homes.com\/wp-content\/uploads\/2025\/04\/504-Bridget-V2-849x472.png alt='Home Image' \/>\n        <div class='home-text-container'>\n            <h3 class='font-color-white'>Estilo rural<\/h3>\n        <\/div>\n    <\/div>\n<\/a>\n<div class='hide-for-large' style='height:24px;'><\/div>\n<div class='show-for-large' style='height:45px;'><\/div><\/div><div class='columns large-6 medium-12 small-12'>\n<a data-equalizer-watch='' href=\"https:\/\/www.emporio-homes.com\/es\/portfolio\/estilo-tradicional\/\">\n    <div class='home-container text-center codesm-equalize-content'>\n        <img width=\"100%\" src=https:\/\/www.emporio-homes.com\/wp-content\/uploads\/2025\/04\/2201-Emily-V5-849x472.png alt='Home Image' \/>\n        <div class='home-text-container'>\n            <h3 class='font-color-white'>Estilo tradicional<\/h3>\n        <\/div>\n    <\/div>\n<\/a>\n<div class='hide-for-large' style='height:24px;'><\/div>\n<div class='show-for-large' style='height:45px;'><\/div><\/div><\/div><div class='row no-padding-vc'><div class='columns large-6 medium-12 small-12'>\n<a data-equalizer-watch='' href=\"https:\/\/www.emporio-homes.com\/es\/portfolio\/estilo-mediterraneo\/\">\n    <div class='home-container text-center codesm-equalize-content'>\n        <img width=\"100%\" src=https:\/\/www.emporio-homes.com\/wp-content\/uploads\/2025\/04\/2204-Camille-V3-849x472.png alt='Home Image' \/>\n        <div class='home-text-container'>\n            <h3 class='font-color-white'>Estilo mediterr\u00e1neo<\/h3>\n        <\/div>\n    <\/div>\n<\/a>\n<div class='hide-for-large' style='height:24px;'><\/div>\n<div class='show-for-large' style='height:45px;'><\/div><\/div><div class='columns large-6 medium-12 small-12'>\n<a data-equalizer-watch='' href=\"https:\/\/www.emporio-homes.com\/es\/portfolio\/estilo-granero\/\">\n    <div class='home-container text-center codesm-equalize-content'>\n        <img width=\"100%\" src=https:\/\/www.emporio-homes.com\/wp-content\/uploads\/2025\/04\/600-Bridget-V5-849x472.png alt='Home Image' \/>\n        <div class='home-text-container'>\n            <h3 class='font-color-white'>Estilo granero<\/h3>\n        <\/div>\n    <\/div>\n<\/a>\n<div class='hide-for-large' style='height:24px;'><\/div>\n<div class='show-for-large' style='height:45px;'><\/div><\/div><\/div><div class='row no-padding-vc'><div class='columns large-6 medium-12 small-12'>\n<a data-equalizer-watch='' href=\"https:\/\/www.emporio-homes.com\/es\/portfolio\/granero-de-milanos\/\">\n    <div class='home-container text-center codesm-equalize-content'>\n        <img width=\"100%\" src=https:\/\/www.emporio-homes.com\/wp-content\/uploads\/2025\/04\/Milanos-Barn-V4-849x472.png alt='Home Image' \/>\n        <div class='home-text-container'>\n            <h3 class='font-color-white'>Granja<\/h3>\n        <\/div>\n    <\/div>\n<\/a>\n<div class='hide-for-large' style='height:24px;'><\/div>\n<div class='show-for-large' style='height:45px;'><\/div><\/div><div class='columns large-6 medium-12 small-12'>\n<a data-equalizer-watch='' href=\"https:\/\/www.emporio-homes.com\/es\/portfolio\/granero-moderno\/\">\n    <div class='home-container text-center codesm-equalize-content'>\n        <img width=\"100%\" src=https:\/\/www.emporio-homes.com\/wp-content\/uploads\/2025\/04\/Modern-Barn-V4-849x472.png alt='Home Image' \/>\n        <div class='home-text-container'>\n            <h3 class='font-color-white'>Granja moderna<\/h3>\n        <\/div>\n    <\/div>\n<\/a>\n<div class='hide-for-large' style='height:24px;'><\/div>\n<div class='show-for-large' style='height:45px;'><\/div><\/div><\/div><div class='row no-padding-vc'><div class='columns large-6 medium-12 small-12'>\n<a data-equalizer-watch='' href=\"https:\/\/www.emporio-homes.com\/es\/portfolio\/visita-virtual-de-3-habitaciones\/\">\n    <div class='home-container text-center codesm-equalize-content'>\n        <img width=\"100%\" src=https:\/\/www.emporio-homes.com\/wp-content\/uploads\/2025\/04\/3-bedroom-virtual-tour-thumbnai-849x472.png alt='Home Image' \/>\n        <div class='home-text-container'>\n            <h3 class='font-color-white'>Visita virtual de 3 habitaciones<\/h3>\n        <\/div>\n    <\/div>\n<\/a>\n<div class='hide-for-large' style='height:24px;'><\/div>\n<div class='show-for-large' style='height:45px;'><\/div><\/div><div class='columns large-6 medium-12 small-12'>\n<a data-equalizer-watch='' href=\"https:\/\/www.emporio-homes.com\/es\/portfolio\/visita-virtual-de-4-dormitorios\/\">\n    <div class='home-container text-center codesm-equalize-content'>\n        <img width=\"100%\" src=https:\/\/www.emporio-homes.com\/wp-content\/uploads\/2025\/04\/4-bedroom-virtual-tour-thumbnail-849x472.png alt='Home Image' \/>\n        <div class='home-text-container'>\n            <h3 class='font-color-white'>Visita virtual de 4 dormitorios<\/h3>\n        <\/div>\n    <\/div>\n<\/a>\n<div class='hide-for-large' style='height:24px;'><\/div>\n<div class='show-for-large' style='height:45px;'><\/div><\/div><\/div><\/div>[\/vc_column_text][\/vc_column_inner][\/vc_row_inner][\/vc_column][\/vc_row][\/vc_section]<\/p>\n<\/div>","protected":false},"excerpt":{"rendered":"<p>[vc_section el_id=&#8221;portfolio-section_0&#8243; css=&#8221;.vc_custom_1741714882139{background-position: center !important;background-repeat: no-repeat !important;background-size: cover !important;}&#8221;][vc_row][vc_column][vc_row_inner el_class=&#8221;row expanded no-padding-vc collapse&#8221;][vc_column_inner][vc_column_text css=&#8221;&#8221;] Cat\u00e1logo de Casas Emporio [\/vc_column_text][\/vc_column_inner][\/vc_row_inner][\/vc_column][\/vc_row][\/vc_section][vc_section el_id=&#8221;portfolio-section_1&#8243;][vc_row][vc_column][vc_empty_space height=&#8221;24px&#8221; el_class=&#8221;hide-for-large&#8221;][vc_empty_space height=&#8221;45px&#8221; el_class=&#8221;show-for-large&#8221;][vc_row_inner equal_height=&#8221;yes&#8221; el_class=&#8221;row no-padding-vc align-center&#8221;][vc_column_inner el_class=&#8221;columns large-10 small-12&#8243;][vc_column_text css=&#8221;&#8221; el_class=&#8221;large-text-left text-center extra-large-padding-right-for-xlarge&#8221;][\/vc_column_text][vc_column_text css=&#8221;&#8221; el_class=&#8221;text-center&#8221;] Explora Nuestra Colecci\u00f3n y Encuentra la Casa de tus Sue\u00f1os Explora nuestra colecci\u00f3n de casas modernas y asequibles,<a class=\"excerpt-read-more\" href=\"https:\/\/www.emporio-homes.com\/es\/listado-de-carteras\/\" title=\"ReadCartera\">&#8230; Read more &raquo;<\/a><\/p>\n","protected":false},"author":1,"featured_media":0,"parent":0,"menu_order":0,"comment_status":"closed","ping_status":"closed","template":"template-visual-builder.php","meta":{"_acf_changed":false,"footnotes":""},"class_list":["post-717","page","type-page","status-publish","hentry"],"acf":[],"_links":{"self":[{"href":"https:\/\/www.emporio-homes.com\/es\/wp-json\/wp\/v2\/pages\/717","targetHints":{"allow":["GET"]}}],"collection":[{"href":"https:\/\/www.emporio-homes.com\/es\/wp-json\/wp\/v2\/pages"}],"about":[{"href":"https:\/\/www.emporio-homes.com\/es\/wp-json\/wp\/v2\/types\/page"}],"author":[{"embeddable":true,"href":"https:\/\/www.emporio-homes.com\/es\/wp-json\/wp\/v2\/users\/1"}],"replies":[{"embeddable":true,"href":"https:\/\/www.emporio-homes.com\/es\/wp-json\/wp\/v2\/comments?post=717"}],"version-history":[{"count":4,"href":"https:\/\/www.emporio-homes.com\/es\/wp-json\/wp\/v2\/pages\/717\/revisions"}],"predecessor-version":[{"id":815,"href":"https:\/\/www.emporio-homes.com\/es\/wp-json\/wp\/v2\/pages\/717\/revisions\/815"}],"wp:attachment":[{"href":"https:\/\/www.emporio-homes.com\/es\/wp-json\/wp\/v2\/media?parent=717"}],"curies":[{"name":"wp","href":"https:\/\/api.w.org\/{rel}","templated":true}]}}